{"id":632,"date":"2016-07-20T20:25:25","date_gmt":"2016-07-20T20:25:25","guid":{"rendered":"http:\/\/www.andrefelizardo.com.br\/blog\/?page_id=632"},"modified":"2020-06-04T13:15:47","modified_gmt":"2020-06-04T13:15:47","slug":"trilhas","status":"publish","type":"page","link":"http:\/\/www.andrefelizardo.com.br\/blog\/trilhas\/","title":{"rendered":"Trilhas &#8211; para voc\u00ea aprender do in\u00edcio ao fim"},"content":{"rendered":"<p>Depois de v\u00e1rios pedidos, estou criando um local para organizar e ajudar quem quer estudar\/ler <del>Ionic<\/del> as tecnologias e curiosidades que eu falo aqui no blog, em ordem cronol\u00f3gica.<\/p>\n<p>Divirta-se. E se quiser uma nova s\u00e9rie, <a href=\"http:\/\/www.andrefelizardo.com.br\/blog\/contato\/\" target=\"_blank\" rel=\"noopener noreferrer\">me manda uma mensagem<\/a>.<\/p>\n<h2>Crie apps com Ionic<\/h2>\n<p><a href=\"http:\/\/www.andrefelizardo.com.br\/blog\/wp-content\/uploads\/2016\/05\/ionic-01.png\" rel=\"attachment wp-att-529\"><img decoding=\"async\" class=\"size-medium wp-image-529 aligncenter lazyload\" data-src=\"http:\/\/www.andrefelizardo.com.br\/blog\/wp-content\/uploads\/2016\/05\/ionic-01-300x157.png\" alt=\"Ionic logo\" width=\"300\" height=\"157\" data-srcset=\"http:\/\/www.andrefelizardo.com.br\/blog\/wp-content\/uploads\/2016\/05\/ionic-01-300x157.png 300w, http:\/\/www.andrefelizardo.com.br\/blog\/wp-content\/uploads\/2016\/05\/ionic-01.png 750w\" data-sizes=\"(max-width: 300px) 100vw, 300px\" src=\"data:image\/svg+xml;base64,PHN2ZyB3aWR0aD0iMSIgaGVpZ2h0PSIxIiB4bWxucz0iaHR0cDovL3d3dy53My5vcmcvMjAwMC9zdmciPjwvc3ZnPg==\" style=\"--smush-placeholder-width: 300px; --smush-placeholder-aspect-ratio: 300\/157;\" \/><\/a><\/p>\n<table style=\"height: 243px;\" width=\"751\">\n<tbody>\n<tr>\n<td style=\"width: 10%;\">#1 &#8211;<\/td>\n<td><a style=\"font-size: 115%;\" href=\"http:\/\/www.andrefelizardo.com.br\/blog\/ionic-framework-desenvolvendo-mobile-apps\/\" target=\"_blank\" rel=\"noopener noreferrer\">Ionic Framework &#8211; Desenvolvendo Mobile Apps<\/a><\/td>\n<td style=\"width: 18%;\">14 de mai de 2016<\/td>\n<\/tr>\n<tr>\n<td style=\"width: 10%;\">#2 &#8211;<\/td>\n<td><a style=\"font-size: 115%;\" href=\"http:\/\/www.andrefelizardo.com.br\/blog\/ionic-creator-crie-atraves-de-interface\/\" target=\"_blank\" rel=\"noopener noreferrer\">Ionic Creator &#8211; Crie atrav\u00e9s de interface<\/a><\/td>\n<td style=\"width: 18%;\">22\u00a0de mai de 2016<\/td>\n<\/tr>\n<tr>\n<td style=\"width: 10%;\">#3 &#8211;<\/td>\n<td><a style=\"font-size: 115%;\" href=\"http:\/\/www.andrefelizardo.com.br\/blog\/ionic-creator-exportando-e-gerando-apk\/\" target=\"_blank\" rel=\"noopener noreferrer\">Ionic Creator &#8211;\u00a0exportando e gerando apk<\/a><\/td>\n<td style=\"width: 18%;\">23 de mai de 2016<\/td>\n<\/tr>\n<tr>\n<td style=\"width: 10%;\">#4 &#8211;<\/td>\n<td><a style=\"font-size: 115%;\" href=\"http:\/\/www.andrefelizardo.com.br\/blog\/splash-screen-ionic-e-icone\/\" target=\"_blank\" rel=\"noopener noreferrer\">Ionic &#8211; Splash Screen e \u00edcone<\/a><\/td>\n<td style=\"width: 18%;\">20 de jul de 2016<\/td>\n<\/tr>\n<tr>\n<td style=\"width: 10%;\">#5 &#8211;<\/td>\n<td><a style=\"font-size: 115%;\" href=\"http:\/\/www.andrefelizardo.com.br\/blog\/ionic-2-versao-final\/\" target=\"_blank\" rel=\"noopener noreferrer\">Ionic\u00a02 &#8211; Vers\u00e3o Final<\/a><\/td>\n<td style=\"width: 18%;\">26 de jan\u00a0de 2017<\/td>\n<\/tr>\n<tr>\n<td style=\"width: 10%;\">#6 &#8211;<\/td>\n<td><a style=\"font-size: 115%;\" href=\"http:\/\/www.andrefelizardo.com.br\/blog\/seja-grato-primeiro-app-na-loja\/\" target=\"_blank\" rel=\"noopener noreferrer\">Seja Grato &#8211; Primeiro App na loja<\/a><\/td>\n<td style=\"width: 18%;\">29 de jun de 2017<\/td>\n<\/tr>\n<tr>\n<td style=\"width: 10%;\">#7 &#8211;<\/td>\n<td><a style=\"font-size: 115%;\" href=\"http:\/\/www.andrefelizardo.com.br\/blog\/comecando-com-ionic-3\/\" target=\"_blank\" rel=\"noopener noreferrer\">Come\u00e7ando com Ionic 3<\/a><\/td>\n<td style=\"width: 18%;\">9 de jun de 2018<\/td>\n<\/tr>\n<\/tbody>\n<\/table>\n<h2>JavaScript do jeito certo<\/h2>\n<p style=\"text-align: center;\"><a href=\"http:\/\/www.andrefelizardo.com.br\/blog\/wp-content\/uploads\/2017\/11\/javascript-comecando_jeito_certo.png\"><img decoding=\"async\" class=\"aligncenter size-medium wp-image-950 lazyload\" data-src=\"http:\/\/www.andrefelizardo.com.br\/blog\/wp-content\/uploads\/2017\/11\/javascript-comecando_jeito_certo-300x156.png\" alt=\"\" width=\"300\" height=\"156\" data-srcset=\"http:\/\/www.andrefelizardo.com.br\/blog\/wp-content\/uploads\/2017\/11\/javascript-comecando_jeito_certo-300x156.png 300w, http:\/\/www.andrefelizardo.com.br\/blog\/wp-content\/uploads\/2017\/11\/javascript-comecando_jeito_certo.png 750w\" data-sizes=\"(max-width: 300px) 100vw, 300px\" src=\"data:image\/svg+xml;base64,PHN2ZyB3aWR0aD0iMSIgaGVpZ2h0PSIxIiB4bWxucz0iaHR0cDovL3d3dy53My5vcmcvMjAwMC9zdmciPjwvc3ZnPg==\" style=\"--smush-placeholder-width: 300px; --smush-placeholder-aspect-ratio: 300\/156;\" \/><\/a><\/p>\n<table style=\"height: 243px;\" width=\"751\">\n<tbody>\n<tr>\n<td style=\"width: 10%;\">#1 &#8211;<\/td>\n<td><a style=\"font-size: 115%;\" href=\"http:\/\/www.andrefelizardo.com.br\/blog\/javascript-comecando-do-jeito-certo\/\" target=\"_blank\" rel=\"noopener noreferrer\">JavaScript &#8211; Come\u00e7ando do jeito certo<\/a><\/td>\n<td style=\"width: 18%;\">30 de nov de 2017<\/td>\n<\/tr>\n<tr>\n<td style=\"width: 10%;\">#2 &#8211;<\/td>\n<td><a style=\"font-size: 115%;\" href=\"http:\/\/www.andrefelizardo.com.br\/blog\/javascript-variaveis\/\" target=\"_blank\" rel=\"noopener noreferrer\">JavaScript &#8211; Vari\u00e1veis: var, let e const<\/a><\/td>\n<td style=\"width: 18%;\">03 de dez de 2017<\/td>\n<\/tr>\n<tr>\n<td style=\"width: 10%;\">#3 &#8211;<\/td>\n<td><a style=\"font-size: 115%;\" href=\"http:\/\/www.andrefelizardo.com.br\/blog\/jasmine-testando-seu-codigo-javascript\/\" target=\"_blank\" rel=\"noopener noreferrer\">Jasmine &#8211; Testando seu c\u00f3digo JavaScript<\/a><\/td>\n<td style=\"width: 18%;\">03 de fev de 2018<\/td>\n<\/tr>\n<tr>\n<td style=\"width: 10%;\">#4 &#8211;<\/td>\n<td><a style=\"font-size: 115%;\" href=\"http:\/\/www.andrefelizardo.com.br\/blog\/javascript-reduce\/\" target=\"_blank\" rel=\"noopener noreferrer\">JavaScript &#8211; Reduce<\/a><\/td>\n<td style=\"width: 18%;\">05 de abr de 2018<\/td>\n<\/tr>\n<\/tbody>\n<\/table>\n","protected":false},"excerpt":{"rendered":"<p>Depois de v\u00e1rios pedidos, estou criando um local para organizar e ajudar quem quer estudar\/ler Ionic as tecnologias e curiosidades que eu falo aqui no blog, em ordem cronol\u00f3gica. Divirta-se. E se quiser uma nova s\u00e9rie, me manda uma mensagem. Crie apps com Ionic #1 &#8211; Ionic Framework &#8211; Desenvolvendo Mobile Apps 14 de mai [&hellip;]<\/p>\n","protected":false},"author":1,"featured_media":0,"parent":0,"menu_order":0,"comment_status":"closed","ping_status":"closed","template":"","meta":{"footnotes":""},"class_list":["post-632","page","type-page","status-publish","hentry"],"yoast_head":"<!-- This site is optimized with the Yoast SEO plugin v27.5 - https:\/\/yoast.com\/product\/yoast-seo-wordpress\/ -->\n<title>Trilhas - para voc\u00ea aprender do in\u00edcio ao fim - Blog do Andr\u00e9 Felizardo<\/title>\n<meta name=\"robots\" content=\"index, follow, max-snippet:-1, max-image-preview:large, max-video-preview:-1\" \/>\n<link rel=\"canonical\" href=\"https:\/\/www.andrefelizardo.com.br\/blog\/trilhas\/\" \/>\n<meta property=\"og:locale\" content=\"pt_BR\" \/>\n<meta property=\"og:type\" content=\"article\" \/>\n<meta property=\"og:title\" content=\"Trilhas - para voc\u00ea aprender do in\u00edcio ao fim - Blog do Andr\u00e9 Felizardo\" \/>\n<meta property=\"og:description\" content=\"Depois de v\u00e1rios pedidos, estou criando um local para organizar e ajudar quem quer estudar\/ler Ionic as tecnologias e curiosidades que eu falo aqui no blog, em ordem cronol\u00f3gica. Divirta-se. E se quiser uma nova s\u00e9rie, me manda uma mensagem. Crie apps com Ionic #1 &#8211; Ionic Framework &#8211; Desenvolvendo Mobile Apps 14 de mai [&hellip;]\" \/>\n<meta property=\"og:url\" content=\"https:\/\/www.andrefelizardo.com.br\/blog\/trilhas\/\" \/>\n<meta property=\"og:site_name\" content=\"Blog do Andr\u00e9 Felizardo\" \/>\n<meta property=\"article:modified_time\" content=\"2020-06-04T13:15:47+00:00\" \/>\n<meta property=\"og:image\" content=\"http:\/\/www.andrefelizardo.com.br\/blog\/wp-content\/uploads\/2016\/05\/ionic-01-300x157.png\" \/>\n<meta name=\"twitter:card\" content=\"summary_large_image\" \/>\n<meta name=\"twitter:label1\" content=\"Est. tempo de leitura\" \/>\n\t<meta name=\"twitter:data1\" content=\"1 minuto\" \/>\n<script type=\"application\/ld+json\" class=\"yoast-schema-graph\">{\"@context\":\"https:\\\/\\\/schema.org\",\"@graph\":[{\"@type\":\"WebPage\",\"@id\":\"https:\\\/\\\/www.andrefelizardo.com.br\\\/blog\\\/trilhas\\\/\",\"url\":\"https:\\\/\\\/www.andrefelizardo.com.br\\\/blog\\\/trilhas\\\/\",\"name\":\"Trilhas - para voc\u00ea aprender do in\u00edcio ao fim - Blog do Andr\u00e9 Felizardo\",\"isPartOf\":{\"@id\":\"http:\\\/\\\/www.andrefelizardo.com.br\\\/blog\\\/#website\"},\"primaryImageOfPage\":{\"@id\":\"https:\\\/\\\/www.andrefelizardo.com.br\\\/blog\\\/trilhas\\\/#primaryimage\"},\"image\":{\"@id\":\"https:\\\/\\\/www.andrefelizardo.com.br\\\/blog\\\/trilhas\\\/#primaryimage\"},\"thumbnailUrl\":\"http:\\\/\\\/www.andrefelizardo.com.br\\\/blog\\\/wp-content\\\/uploads\\\/2016\\\/05\\\/ionic-01-300x157.png\",\"datePublished\":\"2016-07-20T20:25:25+00:00\",\"dateModified\":\"2020-06-04T13:15:47+00:00\",\"breadcrumb\":{\"@id\":\"https:\\\/\\\/www.andrefelizardo.com.br\\\/blog\\\/trilhas\\\/#breadcrumb\"},\"inLanguage\":\"pt-BR\",\"potentialAction\":[{\"@type\":\"ReadAction\",\"target\":[\"https:\\\/\\\/www.andrefelizardo.com.br\\\/blog\\\/trilhas\\\/\"]}]},{\"@type\":\"ImageObject\",\"inLanguage\":\"pt-BR\",\"@id\":\"https:\\\/\\\/www.andrefelizardo.com.br\\\/blog\\\/trilhas\\\/#primaryimage\",\"url\":\"http:\\\/\\\/www.andrefelizardo.com.br\\\/blog\\\/wp-content\\\/uploads\\\/2016\\\/05\\\/ionic-01.png\",\"contentUrl\":\"http:\\\/\\\/www.andrefelizardo.com.br\\\/blog\\\/wp-content\\\/uploads\\\/2016\\\/05\\\/ionic-01.png\",\"width\":750,\"height\":393,\"caption\":\"Ionic logo\"},{\"@type\":\"BreadcrumbList\",\"@id\":\"https:\\\/\\\/www.andrefelizardo.com.br\\\/blog\\\/trilhas\\\/#breadcrumb\",\"itemListElement\":[{\"@type\":\"ListItem\",\"position\":1,\"name\":\"In\u00edcio\",\"item\":\"http:\\\/\\\/www.andrefelizardo.com.br\\\/blog\\\/\"},{\"@type\":\"ListItem\",\"position\":2,\"name\":\"Trilhas &#8211; para voc\u00ea aprender do in\u00edcio ao fim\"}]},{\"@type\":\"WebSite\",\"@id\":\"http:\\\/\\\/www.andrefelizardo.com.br\\\/blog\\\/#website\",\"url\":\"http:\\\/\\\/www.andrefelizardo.com.br\\\/blog\\\/\",\"name\":\"Blog do Andr\u00e9 Felizardo\",\"description\":\"Programa\u00e7\u00e3o de dev para dev\",\"potentialAction\":[{\"@type\":\"SearchAction\",\"target\":{\"@type\":\"EntryPoint\",\"urlTemplate\":\"http:\\\/\\\/www.andrefelizardo.com.br\\\/blog\\\/?s={search_term_string}\"},\"query-input\":{\"@type\":\"PropertyValueSpecification\",\"valueRequired\":true,\"valueName\":\"search_term_string\"}}],\"inLanguage\":\"pt-BR\"}]}<\/script>\n<!-- \/ Yoast SEO plugin. -->","yoast_head_json":{"title":"Trilhas - para voc\u00ea aprender do in\u00edcio ao fim - Blog do Andr\u00e9 Felizardo","robots":{"index":"index","follow":"follow","max-snippet":"max-snippet:-1","max-image-preview":"max-image-preview:large","max-video-preview":"max-video-preview:-1"},"canonical":"https:\/\/www.andrefelizardo.com.br\/blog\/trilhas\/","og_locale":"pt_BR","og_type":"article","og_title":"Trilhas - para voc\u00ea aprender do in\u00edcio ao fim - Blog do Andr\u00e9 Felizardo","og_description":"Depois de v\u00e1rios pedidos, estou criando um local para organizar e ajudar quem quer estudar\/ler Ionic as tecnologias e curiosidades que eu falo aqui no blog, em ordem cronol\u00f3gica. Divirta-se. E se quiser uma nova s\u00e9rie, me manda uma mensagem. Crie apps com Ionic #1 &#8211; Ionic Framework &#8211; Desenvolvendo Mobile Apps 14 de mai [&hellip;]","og_url":"https:\/\/www.andrefelizardo.com.br\/blog\/trilhas\/","og_site_name":"Blog do Andr\u00e9 Felizardo","article_modified_time":"2020-06-04T13:15:47+00:00","og_image":[{"url":"http:\/\/www.andrefelizardo.com.br\/blog\/wp-content\/uploads\/2016\/05\/ionic-01-300x157.png","type":"","width":"","height":""}],"twitter_card":"summary_large_image","twitter_misc":{"Est. tempo de leitura":"1 minuto"},"schema":{"@context":"https:\/\/schema.org","@graph":[{"@type":"WebPage","@id":"https:\/\/www.andrefelizardo.com.br\/blog\/trilhas\/","url":"https:\/\/www.andrefelizardo.com.br\/blog\/trilhas\/","name":"Trilhas - para voc\u00ea aprender do in\u00edcio ao fim - Blog do Andr\u00e9 Felizardo","isPartOf":{"@id":"http:\/\/www.andrefelizardo.com.br\/blog\/#website"},"primaryImageOfPage":{"@id":"https:\/\/www.andrefelizardo.com.br\/blog\/trilhas\/#primaryimage"},"image":{"@id":"https:\/\/www.andrefelizardo.com.br\/blog\/trilhas\/#primaryimage"},"thumbnailUrl":"http:\/\/www.andrefelizardo.com.br\/blog\/wp-content\/uploads\/2016\/05\/ionic-01-300x157.png","datePublished":"2016-07-20T20:25:25+00:00","dateModified":"2020-06-04T13:15:47+00:00","breadcrumb":{"@id":"https:\/\/www.andrefelizardo.com.br\/blog\/trilhas\/#breadcrumb"},"inLanguage":"pt-BR","potentialAction":[{"@type":"ReadAction","target":["https:\/\/www.andrefelizardo.com.br\/blog\/trilhas\/"]}]},{"@type":"ImageObject","inLanguage":"pt-BR","@id":"https:\/\/www.andrefelizardo.com.br\/blog\/trilhas\/#primaryimage","url":"http:\/\/www.andrefelizardo.com.br\/blog\/wp-content\/uploads\/2016\/05\/ionic-01.png","contentUrl":"http:\/\/www.andrefelizardo.com.br\/blog\/wp-content\/uploads\/2016\/05\/ionic-01.png","width":750,"height":393,"caption":"Ionic logo"},{"@type":"BreadcrumbList","@id":"https:\/\/www.andrefelizardo.com.br\/blog\/trilhas\/#breadcrumb","itemListElement":[{"@type":"ListItem","position":1,"name":"In\u00edcio","item":"http:\/\/www.andrefelizardo.com.br\/blog\/"},{"@type":"ListItem","position":2,"name":"Trilhas &#8211; para voc\u00ea aprender do in\u00edcio ao fim"}]},{"@type":"WebSite","@id":"http:\/\/www.andrefelizardo.com.br\/blog\/#website","url":"http:\/\/www.andrefelizardo.com.br\/blog\/","name":"Blog do Andr\u00e9 Felizardo","description":"Programa\u00e7\u00e3o de dev para dev","potentialAction":[{"@type":"SearchAction","target":{"@type":"EntryPoint","urlTemplate":"http:\/\/www.andrefelizardo.com.br\/blog\/?s={search_term_string}"},"query-input":{"@type":"PropertyValueSpecification","valueRequired":true,"valueName":"search_term_string"}}],"inLanguage":"pt-BR"}]}},"jetpack_shortlink":"https:\/\/wp.me\/P6EP66-ac","jetpack-related-posts":[],"jetpack_sharing_enabled":true,"_links":{"self":[{"href":"http:\/\/www.andrefelizardo.com.br\/blog\/wp-json\/wp\/v2\/pages\/632","targetHints":{"allow":["GET"]}}],"collection":[{"href":"http:\/\/www.andrefelizardo.com.br\/blog\/wp-json\/wp\/v2\/pages"}],"about":[{"href":"http:\/\/www.andrefelizardo.com.br\/blog\/wp-json\/wp\/v2\/types\/page"}],"author":[{"embeddable":true,"href":"http:\/\/www.andrefelizardo.com.br\/blog\/wp-json\/wp\/v2\/users\/1"}],"replies":[{"embeddable":true,"href":"http:\/\/www.andrefelizardo.com.br\/blog\/wp-json\/wp\/v2\/comments?post=632"}],"version-history":[{"count":0,"href":"http:\/\/www.andrefelizardo.com.br\/blog\/wp-json\/wp\/v2\/pages\/632\/revisions"}],"wp:attachment":[{"href":"http:\/\/www.andrefelizardo.com.br\/blog\/wp-json\/wp\/v2\/media?parent=632"}],"curies":[{"name":"wp","href":"https:\/\/api.w.org\/{rel}","templated":true}]}}